{"id":13699,"date":"2026-02-05T17:45:32","date_gmt":"2026-02-05T16:45:32","guid":{"rendered":"https:\/\/wordpress-i0skoccoc8cks40gw4gsw40g.coolify.develon.com\/?page_id=13699"},"modified":"2026-04-08T23:34:15","modified_gmt":"2026-04-08T21:34:15","slug":"pms-e-datenquelle","status":"publish","type":"page","link":"https:\/\/www.hbenchmark.com\/de\/pms-e-data-source\/","title":{"rendered":"PMS &amp; Datenquelle"},"content":{"rendered":"<div data-elementor-type=\"wp-page\" data-elementor-id=\"13699\" class=\"elementor elementor-13699\">\n\t\t\t\t        <section class=\"elementor-section elementor-top-section elementor-element elementor-element-4dd53ce1 elementor-section-full_width elementor-section-height-default elementor-section-height-default pxl-row-scroll-none pxl-zoom-point-false pxl-section-overflow-visible pxl-section-fix-none pxl-full-content-with-space-none pxl-bg-color-none pxl-section-overlay-none\" data-id=\"4dd53ce1\" data-element_type=\"section\" data-e-type=\"section\" id=\"about\" data-settings=\"{&quot;background_background&quot;:&quot;classic&quot;}\">\n\n                \n                <div class=\"elementor-container elementor-column-gap-default\">\n                <div class=\"elementor-column elementor-col-100 elementor-top-column elementor-element elementor-element-678ea3ea pxl-column-none\" data-id=\"678ea3ea\" data-element_type=\"column\" data-e-type=\"column\" data-settings=\"{&quot;background_background&quot;:&quot;gradient&quot;}\">\r\n        <div class=\"elementor-widget-wrap elementor-element-populated\">\r\n                                <div class=\"elementor-background-overlay\"><\/div>\r\n         \r\n        \t\t<div class=\"elementor-element elementor-element-28c0fd27 elementor-widget__width-auto elementor-widget elementor-widget-pxl_breadcrumb\" data-id=\"28c0fd27\" data-element_type=\"widget\" data-e-type=\"widget\" data-widget_type=\"pxl_breadcrumb.default\">\n\t\t\t\t<div class=\"elementor-widget-container\">\n\t\t\t\t\t<div class=\"pxl-breadcrumb-wrap\">\r\n\t<ul class=\"pxl-breadcrumb\"><li><span class=\"breadcrumb-entry\">Home<\/span><\/li><\/ul><\/div>\t\t\t\t<\/div>\n\t\t\t\t<\/div>\n\t\t\t\t<div class=\"elementor-element elementor-element-626aa1e7 elementor-widget__width-inherit elementor-widget-laptop__width-initial elementor-widget elementor-widget-pxl_heading\" data-id=\"626aa1e7\" data-element_type=\"widget\" data-e-type=\"widget\" data-widget_type=\"pxl_heading.default\">\n\t\t\t\t<div class=\"elementor-widget-container\">\n\t\t\t\t\t\r\n<div id=\"pxl-pxl_heading-626aa1e7-8237\" class=\"pxl-heading px-sub-title-default-style\">\r\n\t<div class=\"pxl-heading--inner\">\r\n\t\t\r\n\t\t<h2 class=\"pxl-item--title style-default highlight-default wow PXLfadeInUp\" data-wow-delay=\"300ms\">\r\n\r\n\t\t\t<span class=\"pxl-heading--text\">\r\n\r\n\t\t\t\t\t\t\t\t\tAus realen Daten ergeben sich die Entscheidungen, die z\u00e4hlen\t\r\n\t\t\t\t\t\r\n\r\n\t\t\t<\/span>\r\n\t\t<\/h2>\r\n\t\t\r\n\t<\/div>\r\n<\/div>\t\t\t\t<\/div>\n\t\t\t\t<\/div>\n\t\t\t\t<div class=\"elementor-element elementor-element-2a177ced elementor-widget-laptop__width-initial elementor-widget elementor-widget-pxl_text_editor\" data-id=\"2a177ced\" data-element_type=\"widget\" data-e-type=\"widget\" data-widget_type=\"pxl_text_editor.default\">\n\t\t\t\t<div class=\"elementor-widget-container\">\n\t\t\t\t\t<div class=\"pxl-text-editor highlight-gradient\">\r\n\t<div class=\"pxl-item--inner wow PXLfadeInUp\" data-wow-delay=\"300ms\">\r\n\t\t<p>PMS und Datenquellen sind das Herzst\u00fcck von HBenchmark: Von hier stammen echte Buchungsdaten, keine Sch\u00e4tzungen. Wir wandeln sie in verl\u00e4ssliche Einblicke f\u00fcr Beherbergungsbetriebe, Destinationen und Partner um und schaffen so konkreten Mehrwert, Markt\u00fcbersicht und neue M\u00f6glichkeiten f\u00fcr gemeinsames Wachstum.<\/p>\t\t\r\n\t<\/div>\r\n<\/div>\t\t\t\t<\/div>\n\t\t\t\t<\/div>\n\t\t\t\t<div class=\"elementor-element elementor-element-4c2be7a6 elementor-widget elementor-widget-spacer\" data-id=\"4c2be7a6\" data-element_type=\"widget\" data-e-type=\"widget\" data-widget_type=\"spacer.default\">\n\t\t\t\t\t\t\t<div class=\"elementor-spacer\">\n\t\t\t<div class=\"elementor-spacer-inner\"><\/div>\n\t\t<\/div>\n\t\t\t\t\t\t<\/div>\n\t\t\t\t<div class=\"elementor-element elementor-element-2c019ed7 elementor-widget__width-auto elementor-widget elementor-widget-pxl_button\" data-id=\"2c019ed7\" data-element_type=\"widget\" data-e-type=\"widget\" data-widget_type=\"pxl_button.default\">\n\t\t\t\t<div class=\"elementor-widget-container\">\n\t\t\t\t\t<div id=\"pxl-pxl_button-2c019ed7-9462\" class=\"pxl-button pxl-atc-link wow PXLfadeInUp\" data-wow-delay=\"600ms\">\r\n    <a href=\"\/de\/\" class=\"btn pxl-icon-active btn-block-inline  btn-default pxl-icon--right\">\r\n                    <span class=\"pxl--btn-icon\">\r\n                <i aria-hidden=\"true\" class=\"fal fa-long-arrow-down\"><\/i>                            <\/span>\r\n                <span class=\"pxl--btn-text\" data-text=\"Esplora\">\r\n            Erkunden        <\/span>\r\n    <\/a>\r\n<\/div>\t\t\t\t<\/div>\n\t\t\t\t<\/div>\n\t\t\t\t<div class=\"elementor-element elementor-element-5747e3df elementor-widget elementor-widget-spacer\" data-id=\"5747e3df\" data-element_type=\"widget\" data-e-type=\"widget\" data-widget_type=\"spacer.default\">\n\t\t\t\t\t\t\t<div class=\"elementor-spacer\">\n\t\t\t<div class=\"elementor-spacer-inner\"><\/div>\n\t\t<\/div>\n\t\t\t\t\t\t<\/div>\n\t\t            <\/div>\r\n        <\/div>\r\n        \t\t\t<\/div>\n\t\t<\/section>\n\t\t        <section class=\"elementor-section elementor-top-section elementor-element elementor-element-786acbcf pxl-overflow-hidden elementor-section-full_width elementor-section-height-default elementor-section-height-default pxl-row-scroll-none pxl-zoom-point-false pxl-section-overflow-visible pxl-section-fix-none pxl-full-content-with-space-none pxl-bg-color-none pxl-section-overlay-none\" data-id=\"786acbcf\" data-element_type=\"section\" data-e-type=\"section\">\n\n                \n                <div class=\"elementor-container elementor-column-gap-default\">\n                <div class=\"elementor-column elementor-col-50 elementor-top-column elementor-element elementor-element-48b3620c pxl-column-none pxl-column-overflow-hidden-no elementor-invisible\" data-id=\"48b3620c\" data-element_type=\"column\" data-e-type=\"column\" data-settings=\"{&quot;background_background&quot;:&quot;classic&quot;,&quot;animation&quot;:&quot;fadeInLeft&quot;,&quot;animation_delay&quot;:200}\">\r\n        <div class=\"elementor-widget-wrap elementor-element-populated\">\r\n                     \r\n        \t\t<div class=\"elementor-element elementor-element-331efb86 elementor-widget elementor-widget-pxl_image\" data-id=\"331efb86\" data-element_type=\"widget\" data-e-type=\"widget\" data-widget_type=\"pxl_image.default\">\n\t\t\t\t<div class=\"elementor-widget-container\">\n\t\t\t\t\t<div id=\"pxl_image-331efb86-2755\" class=\"pxl-image-single pxl-disable-parallax-sm   wow fadeInLeft\" data-wow-delay=\"ms\"  >\r\n    <div class=\"pxl-item--inner\" data-wow-delay=\"120ms\">\r\n                \r\n                                <div class=\"pxl-item--bg bg-image\" style=\"background-image: url(https:\/\/www.hbenchmark.com\/wp-content\/uploads\/2026\/03\/pms_img_aggiornata.jpg);\">\r\n                                            <\/div>\r\n                                <\/div>\r\n<\/div>\t\t\t\t<\/div>\n\t\t\t\t<\/div>\n\t\t            <\/div>\r\n        <\/div>\r\n                <div class=\"elementor-column elementor-col-50 elementor-top-column elementor-element elementor-element-1579d2be pxl-overflow-hidden pxl-column-none pxl-column-overflow-hidden-no\" data-id=\"1579d2be\" data-element_type=\"column\" data-e-type=\"column\" data-settings=\"{&quot;background_background&quot;:&quot;classic&quot;}\">\r\n        <div class=\"elementor-widget-wrap elementor-element-populated\">\r\n                     \r\n                <section class=\"elementor-section elementor-inner-section elementor-element elementor-element-35a7c463 elementor-section-boxed elementor-section-height-default elementor-section-height-default pxl-row-scroll-none pxl-zoom-point-false pxl-section-overflow-visible pxl-section-fix-none pxl-bg-color-none pxl-section-overlay-none\" data-id=\"35a7c463\" data-element_type=\"section\" data-e-type=\"section\">\n\n                \n                <div class=\"elementor-container elementor-column-gap-default\">\n                <div class=\"elementor-column elementor-col-100 elementor-inner-column elementor-element elementor-element-d4059d4 pxl-column-none\" data-id=\"d4059d4\" data-element_type=\"column\" data-e-type=\"column\">\r\n        <div class=\"elementor-widget-wrap elementor-element-populated\">\r\n                     \r\n        \t\t<div class=\"elementor-element elementor-element-2410291b elementor-widget elementor-widget-pxl_heading\" data-id=\"2410291b\" data-element_type=\"widget\" data-e-type=\"widget\" data-widget_type=\"pxl_heading.default\">\n\t\t\t\t<div class=\"elementor-widget-container\">\n\t\t\t\t\t\r\n<div id=\"pxl-pxl_heading-2410291b-5064\" class=\"pxl-heading px-sub-title-default-style\">\r\n\t<div class=\"pxl-heading--inner\">\r\n\t\t\t\t\t<div class=\"pxl-item--subtitle px-sub-title-default wow PXLfadeInUp\" data-wow-delay=\"300ms\">\r\n\t\t\t\t<span class=\"pxl-item--subtext\">\r\n\t\t\t\t\t\t\t\t\t\t\t\t\t\t\t<span class=\"\">PMS<\/span>\r\n\t\t\t\t<\/span>\r\n\t\t\t<\/div>\r\n\t\t\r\n\t\t<h3 class=\"pxl-item--title style-default highlight-default wow PXLfadeInUp\" data-wow-delay=\"300ms\">\r\n\r\n\t\t\t<span class=\"pxl-heading--text\">\r\n\r\n\t\t\t\t\t\t\t\t\tNative Integrationen mit \u00fcber 80 PMS: Die Kraft von Echtzeitdaten\t\r\n\t\t\t\t\t\r\n\r\n\t\t\t<\/span>\r\n\t\t<\/h3>\r\n\t\t\r\n\t<\/div>\r\n<\/div>\t\t\t\t<\/div>\n\t\t\t\t<\/div>\n\t\t            <\/div>\r\n        <\/div>\r\n        \t\t\t<\/div>\n\t\t<\/section>\n\t\t\t\t<div class=\"elementor-element elementor-element-bf943b8 elementor-widget elementor-widget-pxl_text_editor\" data-id=\"bf943b8\" data-element_type=\"widget\" data-e-type=\"widget\" data-widget_type=\"pxl_text_editor.default\">\n\t\t\t\t<div class=\"elementor-widget-container\">\n\t\t\t\t\t<div class=\"pxl-text-editor highlight-gradient\">\r\n\t<div class=\"pxl-item--inner wow PXLfadeInUp\" data-wow-delay=\"300ms\">\r\n\t\t<p>Dank \u00fcber 80 zertifizierter Integrationen importiert, anonymisiert und aggregiert HBenchmark Daten aus PMS, um objektive und sofort umsetzbare Einblicke zu liefern, sowohl auf Ebene einzelner Betriebe als auch von Destinationen.<\/p>\t\t\r\n\t<\/div>\r\n<\/div>\t\t\t\t<\/div>\n\t\t\t\t<\/div>\n\t\t\t\t<div class=\"elementor-element elementor-element-6e26a675 elementor-widget__width-initial elementor-align-left elementor-widget elementor-widget-pxl_button\" data-id=\"6e26a675\" data-element_type=\"widget\" data-e-type=\"widget\" data-widget_type=\"pxl_button.default\">\n\t\t\t\t<div class=\"elementor-widget-container\">\n\t\t\t\t\t<div id=\"pxl-pxl_button-6e26a675-7495\" class=\"pxl-button pxl-atc-link wow PXLfadeInUp\" data-wow-delay=\"500ms\">\r\n    <a href=\"https:\/\/www.hbenchmark.com\/de\/pms-integrazioni\/pms\/\" class=\"btn pxl-icon-active btn-block-inline  btn-default pxl-icon--right\">\r\n                    <span class=\"pxl--btn-icon\">\r\n                <i aria-hidden=\"true\" class=\"fal fa-long-arrow-right\"><\/i>                            <\/span>\r\n                <span class=\"pxl--btn-text\" data-text=\"Esplora i PMS\">\r\n            Erkunde die PMS        <\/span>\r\n    <\/a>\r\n<\/div>\t\t\t\t<\/div>\n\t\t\t\t<\/div>\n\t\t            <\/div>\r\n        <\/div>\r\n        \t\t\t<\/div>\n\t\t<\/section>\n\t\t        <section class=\"elementor-section elementor-top-section elementor-element elementor-element-5982739 pxl-overflow-hidden elementor-section-full_width elementor-section-height-default elementor-section-height-default pxl-row-scroll-none pxl-zoom-point-false pxl-section-overflow-visible pxl-section-fix-none pxl-full-content-with-space-none pxl-bg-color-none pxl-section-overlay-none\" data-id=\"5982739\" data-element_type=\"section\" data-e-type=\"section\">\n\n                \n                <div class=\"elementor-container elementor-column-gap-default\">\n                <div class=\"elementor-column elementor-col-50 elementor-top-column elementor-element elementor-element-4c1f885 pxl-column-none pxl-column-overflow-hidden-no elementor-invisible\" data-id=\"4c1f885\" data-element_type=\"column\" data-e-type=\"column\" data-settings=\"{&quot;background_background&quot;:&quot;classic&quot;,&quot;animation&quot;:&quot;fadeInLeft&quot;,&quot;animation_delay&quot;:200}\">\r\n        <div class=\"elementor-widget-wrap elementor-element-populated\">\r\n                     \r\n        \t\t<div class=\"elementor-element elementor-element-46e96ca elementor-widget elementor-widget-pxl_image\" data-id=\"46e96ca\" data-element_type=\"widget\" data-e-type=\"widget\" data-widget_type=\"pxl_image.default\">\n\t\t\t\t<div class=\"elementor-widget-container\">\n\t\t\t\t\t<div id=\"pxl_image-46e96ca-9877\" class=\"pxl-image-single pxl-disable-parallax-sm   wow fadeInLeft\" data-wow-delay=\"ms\"  >\r\n    <div class=\"pxl-item--inner\" data-wow-delay=\"120ms\">\r\n                \r\n                                <div class=\"pxl-item--bg bg-image\" style=\"background-image: url(https:\/\/www.hbenchmark.com\/wp-content\/uploads\/2026\/03\/data_source_img.jpg);\">\r\n                                            <\/div>\r\n                                <\/div>\r\n<\/div>\t\t\t\t<\/div>\n\t\t\t\t<\/div>\n\t\t            <\/div>\r\n        <\/div>\r\n                <div class=\"elementor-column elementor-col-50 elementor-top-column elementor-element elementor-element-424f11b pxl-overflow-hidden pxl-column-none pxl-column-overflow-hidden-no\" data-id=\"424f11b\" data-element_type=\"column\" data-e-type=\"column\" data-settings=\"{&quot;background_background&quot;:&quot;classic&quot;}\">\r\n        <div class=\"elementor-widget-wrap elementor-element-populated\">\r\n                     \r\n                <section class=\"elementor-section elementor-inner-section elementor-element elementor-element-a4dd950 elementor-section-boxed elementor-section-height-default elementor-section-height-default pxl-row-scroll-none pxl-zoom-point-false pxl-section-overflow-visible pxl-section-fix-none pxl-bg-color-none pxl-section-overlay-none\" data-id=\"a4dd950\" data-element_type=\"section\" data-e-type=\"section\">\n\n                \n                <div class=\"elementor-container elementor-column-gap-default\">\n                <div class=\"elementor-column elementor-col-100 elementor-inner-column elementor-element elementor-element-47429ab pxl-column-none\" data-id=\"47429ab\" data-element_type=\"column\" data-e-type=\"column\">\r\n        <div class=\"elementor-widget-wrap elementor-element-populated\">\r\n                     \r\n        \t\t<div class=\"elementor-element elementor-element-90152f0 elementor-widget elementor-widget-pxl_heading\" data-id=\"90152f0\" data-element_type=\"widget\" data-e-type=\"widget\" data-widget_type=\"pxl_heading.default\">\n\t\t\t\t<div class=\"elementor-widget-container\">\n\t\t\t\t\t\r\n<div id=\"pxl-pxl_heading-90152f0-8090\" class=\"pxl-heading px-sub-title-default-style\">\r\n\t<div class=\"pxl-heading--inner\">\r\n\t\t\t\t\t<div class=\"pxl-item--subtitle px-sub-title-default wow PXLfadeInUp\" data-wow-delay=\"300ms\">\r\n\t\t\t\t<span class=\"pxl-item--subtext\">\r\n\t\t\t\t\t\t\t\t\t\t\t\t\t\t\t<span class=\"\">Datenquelle<\/span>\r\n\t\t\t\t<\/span>\r\n\t\t\t<\/div>\r\n\t\t\r\n\t\t<h3 class=\"pxl-item--title style-default highlight-default wow PXLfadeInUp\" data-wow-delay=\"300ms\">\r\n\r\n\t\t\t<span class=\"pxl-heading--text\">\r\n\r\n\t\t\t\t\t\t\t\t\tErweiterte Korrelationen mit externen Daten f\u00fcr zuverl\u00e4ssige Prognosen\t\r\n\t\t\t\t\t\r\n\r\n\t\t\t<\/span>\r\n\t\t<\/h3>\r\n\t\t\r\n\t<\/div>\r\n<\/div>\t\t\t\t<\/div>\n\t\t\t\t<\/div>\n\t\t            <\/div>\r\n        <\/div>\r\n        \t\t\t<\/div>\n\t\t<\/section>\n\t\t\t\t<div class=\"elementor-element elementor-element-e95f67e elementor-widget elementor-widget-pxl_text_editor\" data-id=\"e95f67e\" data-element_type=\"widget\" data-e-type=\"widget\" data-widget_type=\"pxl_text_editor.default\">\n\t\t\t\t<div class=\"elementor-widget-container\">\n\t\t\t\t\t<div class=\"pxl-text-editor highlight-gradient\">\r\n\t<div class=\"pxl-item--inner wow PXLfadeInUp\" data-wow-delay=\"300ms\">\r\n\t\t<p>Aus der Synergie mit unseren institutionellen und technologischen Partnern entsteht eine beispiellose Gesamtsicht: Die Integration von konsolidierten Zeitreihen und realen Zukunftsdaten erzeugt eine objektive und aktuelle Prognose, die in Pr\u00e4zision und Tiefe einzigartig ist.<\/p>\t\t\r\n\t<\/div>\r\n<\/div>\t\t\t\t<\/div>\n\t\t\t\t<\/div>\n\t\t\t\t<div class=\"elementor-element elementor-element-df04b24 elementor-widget__width-initial elementor-align-left elementor-widget elementor-widget-pxl_button\" data-id=\"df04b24\" data-element_type=\"widget\" data-e-type=\"widget\" data-widget_type=\"pxl_button.default\">\n\t\t\t\t<div class=\"elementor-widget-container\">\n\t\t\t\t\t<div id=\"pxl-pxl_button-df04b24-3875\" class=\"pxl-button pxl-atc-link wow PXLfadeInUp\" data-wow-delay=\"500ms\">\r\n    <a href=\"https:\/\/www.hbenchmark.com\/de\/pms-integrazioni\/datenquelle\/\" class=\"btn pxl-icon-active btn-block-inline  btn-default pxl-icon--right\">\r\n                    <span class=\"pxl--btn-icon\">\r\n                <i aria-hidden=\"true\" class=\"fal fa-long-arrow-right\"><\/i>                            <\/span>\r\n                <span class=\"pxl--btn-text\" data-text=\"Esplora i Data Source\">\r\n            Datenquellen erkunden        <\/span>\r\n    <\/a>\r\n<\/div>\t\t\t\t<\/div>\n\t\t\t\t<\/div>\n\t\t            <\/div>\r\n        <\/div>\r\n        \t\t\t<\/div>\n\t\t<\/section>\n\t\t\t\t<\/div>","protected":false},"excerpt":{"rendered":"<p>Home Dai dati reali nascono le decisioni che contano I PMS e i Data Source sono il cuore di HBenchmark: da qui arrivano dati di prenotazioni reali, non stime. Li trasformiamo in insight affidabili per strutture, destinazioni e partner, creando valore concreto, visione di mercato e nuove opportunit\u00e0 di crescita condivisa. Esplora PMS Integrazioni native [&hellip;]<\/p>\n","protected":false},"author":1,"featured_media":0,"parent":0,"menu_order":0,"comment_status":"closed","ping_status":"closed","template":"","meta":{"footnotes":"","_links_to":"","_links_to_target":""},"class_list":["post-13699","page","type-page","status-publish","hentry"],"aioseo_notices":[],"_links":{"self":[{"href":"https:\/\/www.hbenchmark.com\/de\/wp-json\/wp\/v2\/pages\/13699","targetHints":{"allow":["GET"]}}],"collection":[{"href":"https:\/\/www.hbenchmark.com\/de\/wp-json\/wp\/v2\/pages"}],"about":[{"href":"https:\/\/www.hbenchmark.com\/de\/wp-json\/wp\/v2\/types\/page"}],"author":[{"embeddable":true,"href":"https:\/\/www.hbenchmark.com\/de\/wp-json\/wp\/v2\/users\/1"}],"replies":[{"embeddable":true,"href":"https:\/\/www.hbenchmark.com\/de\/wp-json\/wp\/v2\/comments?post=13699"}],"version-history":[{"count":86,"href":"https:\/\/www.hbenchmark.com\/de\/wp-json\/wp\/v2\/pages\/13699\/revisions"}],"predecessor-version":[{"id":25020,"href":"https:\/\/www.hbenchmark.com\/de\/wp-json\/wp\/v2\/pages\/13699\/revisions\/25020"}],"wp:attachment":[{"href":"https:\/\/www.hbenchmark.com\/de\/wp-json\/wp\/v2\/media?parent=13699"}],"curies":[{"name":"wp","href":"https:\/\/api.w.org\/{rel}","templated":true}]}}