{"id":237,"date":"2025-02-04T01:19:06","date_gmt":"2025-02-04T01:19:06","guid":{"rendered":"http:\/\/safebyte.test\/?page_id=237"},"modified":"2026-04-16T18:00:15","modified_gmt":"2026-04-16T16:00:15","slug":"kontakte","status":"publish","type":"page","link":"https:\/\/www.hbenchmark.com\/de\/contatti\/","title":{"rendered":"Kontakte"},"content":{"rendered":"<div data-elementor-type=\"wp-page\" data-elementor-id=\"237\" class=\"elementor elementor-237\">\n\t\t\t\t        <section class=\"elementor-section elementor-top-section elementor-element elementor-element-7cd5e538 elementor-section-full_width elementor-section-stretched elementor-section-height-default elementor-section-height-default pxl-row-scroll-none pxl-zoom-point-false pxl-section-overflow-visible pxl-section-fix-none pxl-full-content-with-space-none pxl-bg-color-none pxl-section-overlay-none\" data-id=\"7cd5e538\" data-element_type=\"section\" data-e-type=\"section\" id=\"about\" data-settings=\"{&quot;background_background&quot;:&quot;classic&quot;,&quot;stretch_section&quot;:&quot;section-stretched&quot;}\">\n\n                \n                <div class=\"elementor-container elementor-column-gap-default\">\n                <div class=\"elementor-column elementor-col-100 elementor-top-column elementor-element elementor-element-3f2e813c pxl-column-none\" data-id=\"3f2e813c\" data-element_type=\"column\" data-e-type=\"column\">\r\n        <div class=\"elementor-widget-wrap elementor-element-populated\">\r\n                                <div class=\"elementor-background-overlay\"><\/div>\r\n         \r\n        \t\t<div class=\"elementor-element elementor-element-1f16572 elementor-widget__width-auto elementor-widget elementor-widget-pxl_breadcrumb\" data-id=\"1f16572\" data-element_type=\"widget\" data-e-type=\"widget\" data-widget_type=\"pxl_breadcrumb.default\">\n\t\t\t\t<div class=\"elementor-widget-container\">\n\t\t\t\t\t<div class=\"pxl-breadcrumb-wrap\">\r\n\t<ul class=\"pxl-breadcrumb\"><li><span class=\"breadcrumb-entry\">Home<\/span><\/li><\/ul><\/div>\t\t\t\t<\/div>\n\t\t\t\t<\/div>\n\t\t\t\t<div class=\"elementor-element elementor-element-3e486eb7 elementor-widget__width-inherit elementor-widget-laptop__width-initial elementor-widget elementor-widget-pxl_heading\" data-id=\"3e486eb7\" data-element_type=\"widget\" data-e-type=\"widget\" data-widget_type=\"pxl_heading.default\">\n\t\t\t\t<div class=\"elementor-widget-container\">\n\t\t\t\t\t\r\n<div id=\"pxl-pxl_heading-3e486eb7-4435\" class=\"pxl-heading px-sub-title-default-style\">\r\n\t<div class=\"pxl-heading--inner\">\r\n\t\t\r\n\t\t<h2 class=\"pxl-item--title style-default highlight-default wow PXLfadeInUp\" data-wow-delay=\"300ms\">\r\n\r\n\t\t\t<span class=\"pxl-heading--text\">\r\n\r\n\t\t\t\t\t\t\t\t\tLassen Sie uns in Kontakt treten.\t\r\n\t\t\t\t\t\r\n\r\n\t\t\t<\/span>\r\n\t\t<\/h2>\r\n\t\t\r\n\t<\/div>\r\n<\/div>\t\t\t\t<\/div>\n\t\t\t\t<\/div>\n\t\t\t\t<div class=\"elementor-element elementor-element-491ff0af elementor-widget-laptop__width-initial elementor-widget elementor-widget-pxl_text_editor\" data-id=\"491ff0af\" data-element_type=\"widget\" data-e-type=\"widget\" data-widget_type=\"pxl_text_editor.default\">\n\t\t\t\t<div class=\"elementor-widget-container\">\n\t\t\t\t\t<div class=\"pxl-text-editor highlight-gradient\">\r\n\t<div class=\"pxl-item--inner wow PXLfadeInUp\" data-wow-delay=\"300ms\">\r\n\t\t<p>Verbinden Sie sich mit unserem Team von Experten f\u00fcr Hospitality Data Intelligence, um Ihre Informationen in strategische Chancen zu verwandeln.<\/p>\t\t\r\n\t<\/div>\r\n<\/div>\t\t\t\t<\/div>\n\t\t\t\t<\/div>\n\t\t\t\t<div class=\"elementor-element elementor-element-5b47311a elementor-widget elementor-widget-spacer\" data-id=\"5b47311a\" data-element_type=\"widget\" data-e-type=\"widget\" data-widget_type=\"spacer.default\">\n\t\t\t\t\t\t\t<div class=\"elementor-spacer\">\n\t\t\t<div class=\"elementor-spacer-inner\"><\/div>\n\t\t<\/div>\n\t\t\t\t\t\t<\/div>\n\t\t\t\t<div class=\"elementor-element elementor-element-6581ab3c elementor-widget__width-auto elementor-widget elementor-widget-pxl_button\" data-id=\"6581ab3c\" data-element_type=\"widget\" data-e-type=\"widget\" data-widget_type=\"pxl_button.default\">\n\t\t\t\t<div class=\"elementor-widget-container\">\n\t\t\t\t\t<div id=\"pxl-pxl_button-6581ab3c-8602\" class=\"pxl-button pxl-atc-link wow PXLfadeInUp\" data-wow-delay=\"600ms\">\r\n    <a href=\"\/de\/buchen-sie-ihre-demo\/\" class=\"btn pxl-icon-active btn-block-inline  btn-default pxl-icon--left\">\r\n                    <span class=\"pxl--btn-icon\">\r\n                <i aria-hidden=\"true\" class=\"flaticon flaticon-chat\"><\/i>                            <\/span>\r\n                <span class=\"pxl--btn-text\" data-text=\"Prenota la tua Demo\">\r\n            Demo buchen        <\/span>\r\n    <\/a>\r\n<\/div>\t\t\t\t<\/div>\n\t\t\t\t<\/div>\n\t\t\t\t<div class=\"elementor-element elementor-element-382ed0d elementor-widget__width-auto elementor-widget elementor-widget-pxl_button\" data-id=\"382ed0d\" data-element_type=\"widget\" data-e-type=\"widget\" data-widget_type=\"pxl_button.default\">\n\t\t\t\t<div class=\"elementor-widget-container\">\n\t\t\t\t\t<div id=\"pxl-pxl_button-382ed0d-3045\" class=\"pxl-button pxl-atc-link wow PXLfadeInUp\" data-wow-delay=\"600ms\">\r\n    <a href=\"#scroll\" class=\"btn pxl-icon-active btn-block-inline  btn-default pxl-icon--right\">\r\n                    <span class=\"pxl--btn-icon\">\r\n                <i aria-hidden=\"true\" class=\"fal fa-long-arrow-down\"><\/i>                            <\/span>\r\n                <span class=\"pxl--btn-text\" data-text=\"Esplora\">\r\n            Erkunden        <\/span>\r\n    <\/a>\r\n<\/div>\t\t\t\t<\/div>\n\t\t\t\t<\/div>\n\t\t\t\t<div class=\"elementor-element elementor-element-36c3795c elementor-widget elementor-widget-spacer\" data-id=\"36c3795c\" data-element_type=\"widget\" data-e-type=\"widget\" data-widget_type=\"spacer.default\">\n\t\t\t\t\t\t\t<div class=\"elementor-spacer\">\n\t\t\t<div class=\"elementor-spacer-inner\"><\/div>\n\t\t<\/div>\n\t\t\t\t\t\t<\/div>\n\t\t            <\/div>\r\n        <\/div>\r\n        \t\t\t<\/div>\n\t\t<\/section>\n\t\t        <section class=\"elementor-section elementor-top-section elementor-element elementor-element-3695e71 elementor-section-boxed elementor-section-height-default elementor-section-height-default pxl-row-scroll-none pxl-zoom-point-false pxl-section-overflow-visible pxl-section-fix-none pxl-bg-color-none pxl-section-overlay-none\" data-id=\"3695e71\" data-element_type=\"section\" data-e-type=\"section\">\n\n                \n                <div class=\"elementor-container elementor-column-gap-default\">\n                <div class=\"elementor-column elementor-col-50 elementor-top-column elementor-element elementor-element-312e77b pxl-column-none pxl-column-overflow-hidden-no\" data-id=\"312e77b\" data-element_type=\"column\" data-e-type=\"column\">\r\n        <div class=\"elementor-widget-wrap elementor-element-populated\">\r\n                     \r\n        \t\t<div class=\"elementor-element elementor-element-b96dbe8 elementor-widget__width-auto elementor-widget elementor-widget-pxl_heading\" data-id=\"b96dbe8\" data-element_type=\"widget\" data-e-type=\"widget\" data-widget_type=\"pxl_heading.default\">\n\t\t\t\t<div class=\"elementor-widget-container\">\n\t\t\t\t\t\r\n<div id=\"pxl-pxl_heading-b96dbe8-2501\" class=\"pxl-heading px-sub-title-default-style\">\r\n\t<div class=\"pxl-heading--inner\">\r\n\t\t\r\n\t\t<h3 class=\"pxl-item--title style-default highlight-default wow PXLfadeInUp\" data-wow-delay=\"200ms\">\r\n\r\n\t\t\t<span class=\"pxl-heading--text\">\r\n\r\n\t\t\t\t\t\t\t\t\tDirekter Kontakt\t\r\n\t\t\t\t\t\r\n\r\n\t\t\t<\/span>\r\n\t\t<\/h3>\r\n\t\t\r\n\t<\/div>\r\n<\/div>\t\t\t\t<\/div>\n\t\t\t\t<\/div>\n\t\t\t\t<div class=\"elementor-element elementor-element-5641f7a elementor-widget elementor-widget-pxl_text_editor\" data-id=\"5641f7a\" data-element_type=\"widget\" data-e-type=\"widget\" data-widget_type=\"pxl_text_editor.default\">\n\t\t\t\t<div class=\"elementor-widget-container\">\n\t\t\t\t\t<div class=\"pxl-text-editor highlight-gradient\">\r\n\t<div class=\"pxl-item--inner wow PXLfadeInUp\" data-wow-delay=\"250ms\">\r\n\t\t<p>Jede Angabe erz\u00e4hlt eine Geschichte. Wir sind hier, um Ihre zu verstehen und sie in strategische Gesch\u00e4ftsm\u00f6glichkeiten zu verwandeln.<\/p>\t\t\r\n\t<\/div>\r\n<\/div>\t\t\t\t<\/div>\n\t\t\t\t<\/div>\n\t\t\t\t<div class=\"elementor-element elementor-element-287f496 elementor-widget__width-auto elementor-widget elementor-widget-pxl_icon_box\" data-id=\"287f496\" data-element_type=\"widget\" data-e-type=\"widget\" data-widget_type=\"pxl_icon_box.default\">\n\t\t\t\t<div class=\"elementor-widget-container\">\n\t\t\t\t\t<div class=\"pxl-icon-box pxl-icon-box2  wow PXLfadeInUp\" data-wow-delay=\"350ms\">\r\n    \r\n            <div class=\"pxl-item--icon\">\r\n            <i aria-hidden=\"true\" class=\"far fa-envelope-open\"><\/i>        <\/div>\r\n            <div class=\"pxl-item--body\">\r\n        <h5 class=\"pxl-item--title el-empty\">Schreiben Sie uns<\/h5>\r\n        <div class=\"pxl-item--description el-empty\">Allgemeine Informationen: info@hbenchmark.com<\/br>\n\nKundenservice: support@hbenchmark.com<\/br>\n\nMarketing und Kommunikation: marketing@hbenchmark.com<\/br>\n\nVerwaltung: amministrazione@hbenchmark.com <\/div>\r\n    <\/div>\r\n<\/div>\t\t\t\t<\/div>\n\t\t\t\t<\/div>\n\t\t\t\t<div class=\"elementor-element elementor-element-2d4349f elementor-widget-tablet_extra__width-initial elementor-widget elementor-widget-pxl_icon_box\" data-id=\"2d4349f\" data-element_type=\"widget\" data-e-type=\"widget\" data-widget_type=\"pxl_icon_box.default\">\n\t\t\t\t<div class=\"elementor-widget-container\">\n\t\t\t\t\t<div class=\"pxl-icon-box pxl-icon-box2  wow PXLfadeInUp\" data-wow-delay=\"300ms\">\r\n    \r\n            <div class=\"pxl-item--icon\">\r\n            <i aria-hidden=\"true\" class=\"far fa-phone-alt\"><\/i>        <\/div>\r\n            <div class=\"pxl-item--body\">\r\n        <h5 class=\"pxl-item--title el-empty\">Rufen Sie uns an<\/h5>\r\n        <div class=\"pxl-item--description el-empty\">Zentrale: (+39) 0444 276202\n<br>\nVerwaltung: (+39) 0444 27 6203<\/div>\r\n    <\/div>\r\n<\/div>\t\t\t\t<\/div>\n\t\t\t\t<\/div>\n\t\t\t\t<div class=\"elementor-element elementor-element-0407d9f elementor-widget__width-auto elementor-widget elementor-widget-pxl_icon_box\" data-id=\"0407d9f\" data-element_type=\"widget\" data-e-type=\"widget\" data-widget_type=\"pxl_icon_box.default\">\n\t\t\t\t<div class=\"elementor-widget-container\">\n\t\t\t\t\t<div class=\"pxl-icon-box pxl-icon-box2  wow PXLfadeInUp\" data-wow-delay=\"300ms\">\r\n    \r\n            <div class=\"pxl-item--icon\">\r\n            <i aria-hidden=\"true\" class=\"far fa-map-marker-alt\"><\/i>        <\/div>\r\n            <div class=\"pxl-item--body\">\r\n        <h5 class=\"pxl-item--title el-empty\">Einen Termin vereinbaren<\/h5>\r\n        <div class=\"pxl-item--description el-empty\">Via Retrone 16, 36077 Altavilla Vicentina (VI), Italien<\/div>\r\n    <\/div>\r\n<\/div>\t\t\t\t<\/div>\n\t\t\t\t<\/div>\n\t\t            <\/div>\r\n        <\/div>\r\n                <div class=\"elementor-column elementor-col-50 elementor-top-column elementor-element elementor-element-e3f5858 pxl-column-none pxl-column-overflow-hidden-no\" data-id=\"e3f5858\" data-element_type=\"column\" data-e-type=\"column\">\r\n        <div class=\"elementor-widget-wrap elementor-element-populated\">\r\n                     \r\n        \t\t<div class=\"elementor-element elementor-element-71e0607 elementor-widget elementor-widget-google_maps\" data-id=\"71e0607\" data-element_type=\"widget\" data-e-type=\"widget\" data-widget_type=\"google_maps.default\">\n\t\t\t\t\t\t\t<div class=\"elementor-custom-embed\">\n\t\t\t<iframe loading=\"lazy\"\n\t\t\t\t\tsrc=\"https:\/\/maps.google.com\/maps?q=HBenchmark&#038;t=m&#038;z=11&#038;output=embed&#038;iwloc=near\"\n\t\t\t\t\ttitle=\"HBenchmark\"\n\t\t\t\t\taria-label=\"HBenchmark\"\n\t\t\t><\/iframe>\n\t\t<\/div>\n\t\t\t\t\t\t<\/div>\n\t\t            <\/div>\r\n        <\/div>\r\n        \t\t\t<\/div>\n\t\t<\/section>\n\t\t\t\t<\/div>","protected":false},"excerpt":{"rendered":"<p>Home Entriamo in contatto. Connettiti con il nostro team di Esperti in Hospitality Data Intelligence per trasformare le tue informazioni in opportunit\u00e0 strategiche. Prenota la tua Demo Esplora Contatti diretti Ogni dato racconta una storia. Siamo qui per ascoltare la tua e trasformarla in opportunit\u00e0 strategiche per il tuo business. Scrivici Info generali: info@hbenchmark.com Assistenza [&hellip;]<\/p>\n","protected":false},"author":1,"featured_media":0,"parent":0,"menu_order":0,"comment_status":"closed","ping_status":"closed","template":"elementor_header_footer","meta":{"footnotes":"","_links_to":"","_links_to_target":""},"class_list":["post-237","page","type-page","status-publish","hentry"],"aioseo_notices":[],"_links":{"self":[{"href":"https:\/\/www.hbenchmark.com\/de\/wp-json\/wp\/v2\/pages\/237","targetHints":{"allow":["GET"]}}],"collection":[{"href":"https:\/\/www.hbenchmark.com\/de\/wp-json\/wp\/v2\/pages"}],"about":[{"href":"https:\/\/www.hbenchmark.com\/de\/wp-json\/wp\/v2\/types\/page"}],"author":[{"embeddable":true,"href":"https:\/\/www.hbenchmark.com\/de\/wp-json\/wp\/v2\/users\/1"}],"replies":[{"embeddable":true,"href":"https:\/\/www.hbenchmark.com\/de\/wp-json\/wp\/v2\/comments?post=237"}],"version-history":[{"count":41,"href":"https:\/\/www.hbenchmark.com\/de\/wp-json\/wp\/v2\/pages\/237\/revisions"}],"predecessor-version":[{"id":26562,"href":"https:\/\/www.hbenchmark.com\/de\/wp-json\/wp\/v2\/pages\/237\/revisions\/26562"}],"wp:attachment":[{"href":"https:\/\/www.hbenchmark.com\/de\/wp-json\/wp\/v2\/media?parent=237"}],"curies":[{"name":"wp","href":"https:\/\/api.w.org\/{rel}","templated":true}]}}